{"id":53348,"date":"2019-02-27T22:24:39","date_gmt":"2019-02-27T21:24:39","guid":{"rendered":"https:\/\/preissfinearts.com\/terms-of-service\/"},"modified":"2019-08-20T23:01:03","modified_gmt":"2019-08-20T21:01:03","slug":"terms-of-service","status":"publish","type":"page","link":"http:\/\/preiss.edvantage.at\/de\/terms-of-service\/","title":{"rendered":"Terms of Service"},"content":{"rendered":"<p>[et_pb_section fb_built=&#8220;1&#8243; _builder_version=&#8220;3.19.17&#8243;][et_pb_row _builder_version=&#8220;3.19.17&#8243;][et_pb_column type=&#8220;1_2&#8243; _builder_version=&#8220;3.19.17&#8243;][et_pb_text _builder_version=&#8220;3.19.18&#8243;]<\/p>\n<h1 style=\"text-align: left;\"><strong>TERMS OF SERVICE \/ AGB<\/strong><\/h1>\n<p>[\/et_pb_text][\/et_pb_column][et_pb_column type=&#8220;1_2&#8243; _builder_version=&#8220;3.19.17&#8243;][et_pb_text _builder_version=&#8220;3.19.17&#8243;]<\/p>\n<p><strong>NUTZUNGSBEDINGUNGEN<\/strong><span style=\"font-size: 14px;\">\u00a0<\/span><\/p>\n<ol>\n<li><strong>Allgemeines<br \/><\/strong>Die Preiss Artnet Ges.mbH, Bauernmarkt 14, 1010 Wien (nachfolgend mit &#8222;PREISS ARTNET&#8220; bezeichnet) betreibt als wirtschaftlicher Kulturbetrieb zum Galeriewesen eine Online- Plattform auf www.preissfinearts.com f\u00fcr den Verkauf von Fotokunst von Werken ber\u00fchmter zeitgen\u00f6ssischer Fotografen bzw. Vertreter aus diesem Genre.<br \/>Alle verf\u00fcgbaren und angebotenen Werke sind vom K\u00fcnstler pers\u00f6nlich gefertigt und in einer im Vorfeld strikt limitierter Auflage aufgelegt. In den nachfolgend angef\u00fchrten Allgemeinen Gesch\u00e4ftsbedingungen wird die PREISS ARTNET als \u201eVerk\u00e4ufer und Vertragspartner\u201c bezeichnet, die fotografischen Kunstwerke wie folgt als &#8222;WAREN\u201c, der K\u00e4ufer als Besteller.<\/li>\n<\/ol>\n<p>F\u00fcr die Gesch\u00e4ftsbeziehung zwischen dem Verk\u00e4ufer und dem Besteller gelten die zum Zeitpunkt der Bestellung nachfolgend vereinbarten gesetzlich zul\u00e4ssigen Bestimmungen. Abweichende Gesch\u00e4ftsbedingungen auf der Seite des Bestellers finden bei Online geschlossenen Verk\u00e4ufen keine Anwendung. Die zugrundeliegenden Gesch\u00e4ftsbedingungen sind Bestandteil bei jedem mit dem Verk\u00e4ufer geschlossenen Vertrag.<\/p>\n<p>Mit der Auftragserteilung stimmt der Besteller den Allgemeinen Gesch\u00e4ftsbedingungen des Verk\u00e4ufers zu und erkl\u00e4rt sich mit folgenden Bestimmungen einverstanden:<\/p>\n<p>&nbsp;<\/p>\n<ol start=\"2\">\n<li><strong>Waren<br \/><\/strong>Jedes Werk=WARE wird vom K\u00fcnstler selbst in seinen gew\u00e4hlten Studioeinrichtungen gefertigt und signiert.<\/li>\n<\/ol>\n<p>Mit erfolgreichem Zahlungseingang beim Verk\u00e4ufer beginnt der K\u00fcnstler mit der Fertigung der WARE. Bereits im Besitz der Galerie befindliche und gerahmte Werke werden bis zum finalen Zahlungseingang reserviert, so es sich um ein bestimmtes Bild der limitierten Edition handelt, die Bestandteil des Vertrages geworden ist.<\/p>\n<p>Mit der Auftragserteilung stimmt der Besteller dem auf der Website beschriebenen Material, der Qualit\u00e4t bzw. dem spezifischen Charakter der WAREN zu (beispielsweise Silver Gelatine Print). G\u00e4ngige Herstellungs- bzw. Druckverfahren k\u00f6nnen bei gleichbleibender Qualit\u00e4t geringf\u00fcgige Abweichungen verursachen \u2013 was das Muster, Farbspiel sowie das Format des Werkes betrifft.<\/p>\n<p>Der exzellente Zustand und die Qualit\u00e4t der Ware bleiben dabei f\u00fcr den Besteller gleich hoch und unbeeintr\u00e4chtigt.<\/p>\n<p>Mit der Auftragserteilung stimmt der Besteller weiters ausdr\u00fccklich zu, dass die WAREN einer produktspezifischen Ver\u00e4nderung unterliegen k\u00f6nnen. Unsachgem\u00e4\u00dfe Lagerung und Pflege sowie Umwelteinfl\u00fcsse k\u00f6nnen diese Ver\u00e4nderung beschleunigen.<\/p>\n<p>&nbsp;<\/p>\n<ol start=\"3\">\n<li><strong>Preise<br \/><\/strong>Die genannten Preise verstehen sich als Netto Preise zzgl. der g\u00fcltigen Mehrwertsteuer ( siehe unten Ausnahme UID- Lieferungen bzw. Lieferungen au\u00dferhalb der EU), zzgl. Zoll- wie Einfuhrabgaben sowie der Lieferkosten f\u00fcr die bestellten WAREN.<\/li>\n<\/ol>\n<p>Die Lieferkosten &#8211; beinhalten als Paket Transport und kunstgerechte Verpackung &#8211; sind abh\u00e4ngig von der Gr\u00f6\u00dfe, dem Lieferort und dem Status gerahmt\/ungerahmt der bestellten Waren.<\/p>\n<p>Diese k\u00f6nnen bereits im Vorfeld \/vor dem g\u00fcltigen Abschluss des Vertrages vom Besteller f\u00fcr ein bestimmtes Werk online abgefragt werden.<\/p>\n<p>UID- Lieferungen bzw. Lieferungen au\u00dferhalb der EU: F\u00fcr Waren, die an einen Besteller au\u00dferhalb der Europ\u00e4ischen Union verkauft und geliefert werden, sowie Verk\u00e4ufe an Unternehmen, welche eine g\u00fcltige UID Nummer\/ USt-IdNr ausweisen k\u00f6nnen, wird keine Mehrwertsteuer fakturiert.<\/p>\n<p>Zudem mit einer Warenlieferung verbundene anfallende nationale Zollgeb\u00fchren und Einfuhrabgaben des Wohnsitzstaates des Bestellers tr\u00e4gt der Empf\u00e4nger und Besteller, so nichts anderes vereinbart wurde.<\/p>\n<p>&nbsp;<\/p>\n<ol start=\"4\">\n<li><strong>Vertragsschluss und Lieferung<br \/><\/strong>Die Pr\u00e4sentation von WAREN durch den Verk\u00e4ufer stellt kein Verkaufsangebot dar, sondern gilt als Aufforderung an den Besteller, ein Kaufangebot zu unterbreiten. PREISS ARTNET gew\u00e4hrleistet nicht, dass die von ihm pr\u00e4sentierten WAREN jederzeit versandbereit sind.<\/li>\n<\/ol>\n<p>Kaufangebote werden online \u00fcber das von PREISS ARTNET zur Verf\u00fcgung gestellte Bestellformular abgegeben. Der Besteller ist verpflichtet, die im Bestellformular geforderten Angaben wahrheitsgem\u00e4\u00df und vollst\u00e4ndig zu machen. Sch\u00e4den, die durch falsche oder unvollst\u00e4ndige Angaben verursacht werden, sind vom Besteller zu ersetzen.<\/p>\n<p>Bestellungen werden nur von Personen angenommen, die vollj\u00e4hrig sind und nur zu den aktuellen Preisen und Bedingungen, die auf der WEBSITE von Zeit zu Zeit angegeben sind.<\/p>\n<p>Der Besteller erh\u00e4lt eine Best\u00e4tigung \u00fcber den Eingang der Bestellung bei PREISS ARTNET. Eine solche Best\u00e4tigung bedeutet jedoch keine Annahme der Bestellung. Auftrag und Kaufvertrag kommen erst mit der Lieferung der bestellten WAREN an den Spediteur \/ Frachtf\u00fchrer \/ Postdienst zustande. Die Lieferung erfolgt auf Rechnung und auf Gefahr des Bestellers.<\/p>\n<p>\u00a0<span style=\"font-size: 14px;\">Bestellungen werden, abh\u00e4ngig vom K\u00fcnstler, innerhalb von 6 Wochen nach Erhalt ausgef\u00fchrt. Angaben \u00fcber bestimmte Lieferfristen sind im Einzelfall stets unverbindlich, Verz\u00f6gerungen aufgrund von Lieferschwierigkeiten k\u00f6nnen nicht ausgeschlossen werden.<\/span><\/p>\n<p>Sollte PREISS ARTNET eine Bestellung innerhalb von 6 Wochen nicht ausf\u00fchren k\u00f6nnen, weil die bestellte WARE nicht verf\u00fcgbar ist, oder sollte PREISS ARTNET aus einem anderen Grund eine Bestellung nicht annehmen, wird PREISS ARTNET den Kunden unverz\u00fcglich informieren und bereits get\u00e4tigte Zahlungen von diesem Kunden zur\u00fcckerstatten.<\/p>\n<p>&nbsp;<\/p>\n<ol start=\"5\">\n<li><strong>Zahlung<br \/><\/strong>Die Zahlung des Kaufpreises hat mit einer auf der WEBSITE angegebenen g\u00e4ngigen Zahlungssysteme wie Kreditkarten, Paypal oder Bank\u00fcberweisung zu erfolgen.<\/li>\n<\/ol>\n<ol start=\"6\">\n<li><strong>R\u00fccktrittsrecht<br \/><\/strong>Zum 14-t\u00e4tigen R\u00fccktrittsrecht* beim Online-Shopping basierend auf dem \u00f6sterreichischen Konsumentenschutzrecht besteht dar\u00fcber hinaus die M\u00f6glichkeit vom Vertrag zur\u00fcckzutreten dann, wenn das Kunstwerk einen wesentlichen Sachmangel aufweist, bzw. der Besteller hat nur dann das Recht vom Vertrag zur\u00fcckzutreten, wenn das Kunstwerk einen wesentlichen Sachmangel aufweist. Jeder gr\u00f6\u00dfere Defekt muss sofort behoben werden.<\/li>\n<\/ol>\n<p>Im Falle eines berechtigten Widerrufs hat der Besteller PREIS ARTNET die WAREN in ihrer Originalverpackung, Porto im Voraus bezahlt, unbesch\u00e4digt und unbenutzt zur\u00fcckzusenden. Die WAREN werden auf Gefahr des Bestellers zur\u00fcckgenommen. Der Besteller hat eine angemessene Entsch\u00e4digung zu zahlen, wenn er die WAREN benutzt hat. Bei einer Verschlechterung oder einem Verlust der WAREN vor deren R\u00fcckgabe hat der Besteller diese Wertminderung oder den Wert der WAREN zu erstatten.<\/p>\n<p>* Der R\u00fccktritt ist innerhalb einer Frist von 14 Tagen m\u00f6glich und hat in schriftlicher Form zu erfolgen. Die Frist beginnt am Folgetag der Zustellung zu laufen, an dem Ihnen die gekaufte Ware.<\/p>\n<p>&nbsp;<\/p>\n<ol start=\"7\">\n<li><strong>Eigentumsvorbehalt<br \/><\/strong>PREISS ARTNET beh\u00e4lt sich das Eigentum an den gelieferten Waren bis zur vollst\u00e4ndigen Bezahlung vor.<\/li>\n<\/ol>\n<ol start=\"8\">\n<li><strong>Gew\u00e4hrleistung und Haftung<br \/><\/strong>PREISS ARTNET lehnt jede Haftung f\u00fcr die in Abschnitt 2 dieser Allgemeinen Gesch\u00e4ftsbedingungen genannten Abweichungen und \u00c4nderungen ab.<\/li>\n<\/ol>\n<p>Bei besch\u00e4digten oder unvollst\u00e4ndigen Lieferungen muss eine Best\u00e4tigung des Lieferanten eingeholt werden. Sollten die WAREN trotz einwandfreier Verpackung beim Eintreffen beim Besteller mangelhaft sein, hat der Besteller PREISS ARTNET unverz\u00fcglich zu benachrichtigen. Mangelhafte WAREN sind in ihrer Originalverpackung an PREISS ARTNET zur\u00fcckzusenden.<\/p>\n<p>\u00a0<span style=\"font-size: 14px;\">PREISS ARTNET haftet nicht f\u00fcr technische Fehler w\u00e4hrend des Betriebs der WEBSITE oder f\u00fcr Inhalte auf der WEBSEITE oder auf verlinkten Websites oder f\u00fcr Sch\u00e4den, die durch den Besuch der WEBSITE oder einer der Websites mit Hyperlinks verursacht wurden.<\/span><\/p>\n<p><span style=\"font-size: 14px;\">PREISS ARTNET lehnt auch die Haftung f\u00fcr indirekte Sch\u00e4den, Folgesch\u00e4den, entgangenen Gewinn, nicht get\u00e4tigte Einsparungen und dergleichen ab.<\/span><\/p>\n<p>&nbsp;<\/p>\n<ol start=\"9\">\n<li><strong>Urheberrecht<br \/><\/strong>Die von PREISS ARTNET vertriebenen WAREN sind weltweit urheberrechtlich gesch\u00fctzt und werden dem Besteller nur zum pers\u00f6nlichen Gebrauch und zum Wiederverkauf zur Verf\u00fcgung gestellt. Der Besteller darf jedoch die Waren weder vervielf\u00e4ltigen noch in irgendeiner Form der \u00d6ffentlichkeit zur Verf\u00fcgung stellen (au\u00dfer durch Weiterverkauf), die WAREN verteilen oder eine solche Vervielf\u00e4ltigung, Bereitstellung oder Verteilung durch Dritte veranlassen. Gleiches gilt auch f\u00fcr die WEBSITE und deren Inhalte.<\/li>\n<\/ol>\n<p>&nbsp;<\/p>\n<ol start=\"10\">\n<li><strong>Datenschutz &#8211; siehe PRIVACY STATEMENT<br \/><\/strong>Der Schutz Ihrer pers\u00f6nlichen Daten ist uns ein besonderes Anliegen. Jegliche Verarbeitung der Daten basiert ausschlie\u00dflich auf Grundlage der gesetzlichen Bestimmungen (DSGVO, TKG 2003). Diese Datenschutzerkl\u00e4rung beschreibt im Detail, wie wir Ihre personenbezogenen Daten im Zusammenhang mit dieser Website verarbeiten bzw. verwalten.<\/li>\n<\/ol>\n<p>Diese Website wird von der Preiss Artnet GesmbH, Bauernmarkt 14,1010\u201aWien betrieben.<\/p>\n<ol start=\"11\">\n<li><strong>Erf\u00fcllungsort, Gerichtsstand, anwendbares Recht<br \/><\/strong>Erf\u00fcllungsort und Gerichtsstand ist Wien. Ist der Kunde Verbraucher im Sinne des \u00f6sterreichischen Konsumentenschutzgesetzes, so ist das \u00f6sterreichische Gericht zust\u00e4ndig, in dessen Bezirk der Kunde ans\u00e4ssig ist.<\/li>\n<\/ol>\n<p>Das Vertragsverh\u00e4ltnis unterliegt \u00f6sterreichischem materiellem Recht unter Ausschluss seiner Kollisionsnormen und des UN-Kaufrechts.<\/p>\n<p>Sollte eine dieser Bedingungen unwirksam sein oder werden, so wird hierdurch die G\u00fcltigkeit der \u00fcbrigen Bestimmungen nicht ber\u00fchrt.<\/p>\n<p>&nbsp;<\/p>\n<ol start=\"12\">\n<li><strong> Datenerhebung und Datenschutz \u2013 zu finden im Privacy Statement: jegliche Verarbeitung der Daten basiert ausschlie\u00dflich auf Grundlage der gesetzlichen Bestimmungen (DSGVO, TKG 2003). <\/strong>\n<p><strong><\/strong><\/p>\n<\/li>\n<li><strong> Sammlung und Verarbeitung von Informationen \u00fcber das Kontaktformular \u2013 zu finden im Privacy Statement: jegliche Verarbeitung der Daten basiert ausschlie\u00dflich auf Grundlage der gesetzlichen Bestimmungen (DSGVO, TKG 2003). <\/strong>\n<p><strong><\/strong><\/p>\n<\/li>\n<li><strong> Sammlung, Verarbeitung und Nutzung von pers\u00f6nlichen Informationen -\u2013 zu finden im Privacy Statement: jegliche Verarbeitung der Daten basiert ausschlie\u00dflich auf Grundlage der gesetzlichen Bestimmungen (DSGVO, TKG 2003). <\/strong>\n<p><strong><\/strong><\/p>\n<\/li>\n<li><strong> Weitergabe personenbezogener Daten \u2013 zu finden im Privacy Statement. Jegliche Verarbeitung der Daten basiert ausschlie\u00dflich auf Grundlage der gesetzlichen Bestimmungen (DSGVO, TKG 2003).<\/strong><\/li>\n<\/ol>\n<p><strong>\u00a0<\/strong><strong style=\"font-size: 14px;\">\u00a0<\/strong><\/p>\n<ol start=\"16\">\n<li><strong> Cookies -\u2013 zu finden im Privacy Statement: jegliche Verarbeitung der Daten basiert ausschlie\u00dflich auf Grundlage der gesetzlichen Bestimmungen (DSGVO, TKG 2003). <\/strong>\n<p><strong><\/strong><\/p>\n<\/li>\n<li><strong> Informationen zur \u00dcberarbeitung, Sperrung und L\u00f6schung von Daten\u2013 zu finden im Privacy Statement: jegliche Verarbeitung der Daten basiert ausschlie\u00dflich auf Grundlage der gesetzlichen Bestimmungen (DSGVO, TKG 2003). <\/strong>\n<p><strong><\/strong><\/p>\n<\/li>\n<li><strong><br \/>Fragen und Beschwerden<br \/><\/strong><strong style=\"font-size: 14px;\">Fragen und Beschwerden richten Sie bitte an:<br \/><\/strong><a href=\"mailto:contact@preissfinearts.com\" style=\"font-size: 14px;\">contact@preissfinearts.com<\/a><span style=\"font-size: 14px;\"> und pers\u00f6nlich zu den \u00d6ffnungszeiten unter phone +43 1 53 37\u00a0096<\/span><\/li>\n<\/ol>\n<p>&nbsp;<\/p>\n<p>preiss artnet ges.m.b.h<br \/><span style=\"font-size: 14px;\">Bauernmarkt 14, A-1010 Wien, \u00d6sterreich<br \/><\/span><span style=\"font-size: 14px;\">Telefon: +43 1 53 37 096<br \/><\/span><span style=\"font-size: 14px;\">Fax: +43 1 53 37 096-22<br \/><\/span><span style=\"font-size: 14px;\">Umsatzsteuer-Identifikationsnummer ATU 629 70 299<br \/><\/span><span style=\"font-size: 14px;\">Handelsregister-Nr. FN 284895p des Wiener Handelsgerichts<\/span><\/p>\n<p>[\/et_pb_text][\/et_pb_column][\/et_pb_row][\/et_pb_section]<\/p>\n","protected":false},"excerpt":{"rendered":"<p>TERMS OF SERVICE \/ AGBNUTZUNGSBEDINGUNGEN\u00a0 AllgemeinesDie Preiss Artnet Ges.mbH, Bauernmarkt 14, 1010 Wien (nachfolgend mit &#8222;PREISS ARTNET&#8220; bezeichnet) betreibt als wirtschaftlicher Kulturbetrieb zum Galeriewesen eine Online- Plattform auf www.preissfinearts.com f\u00fcr den Verkauf von Fotokunst von Werken ber\u00fchmter zeitgen\u00f6ssischer Fotografen bzw. Vertreter aus diesem Genre.Alle verf\u00fcgbaren und angebotenen Werke sind vom K\u00fcnstler pers\u00f6nlich gefertigt und in [&hellip;]<\/p>\n","protected":false},"author":3,"featured_media":0,"parent":0,"menu_order":0,"comment_status":"closed","ping_status":"closed","template":"","meta":{"_et_pb_use_builder":"on","_et_pb_old_content":"","_et_gb_content_width":"","footnotes":""},"_links":{"self":[{"href":"http:\/\/preiss.edvantage.at\/de\/wp-json\/wp\/v2\/pages\/53348"}],"collection":[{"href":"http:\/\/preiss.edvantage.at\/de\/wp-json\/wp\/v2\/pages"}],"about":[{"href":"http:\/\/preiss.edvantage.at\/de\/wp-json\/wp\/v2\/types\/page"}],"author":[{"embeddable":true,"href":"http:\/\/preiss.edvantage.at\/de\/wp-json\/wp\/v2\/users\/3"}],"replies":[{"embeddable":true,"href":"http:\/\/preiss.edvantage.at\/de\/wp-json\/wp\/v2\/comments?post=53348"}],"version-history":[{"count":1,"href":"http:\/\/preiss.edvantage.at\/de\/wp-json\/wp\/v2\/pages\/53348\/revisions"}],"predecessor-version":[{"id":53352,"href":"http:\/\/preiss.edvantage.at\/de\/wp-json\/wp\/v2\/pages\/53348\/revisions\/53352"}],"wp:attachment":[{"href":"http:\/\/preiss.edvantage.at\/de\/wp-json\/wp\/v2\/media?parent=53348"}],"curies":[{"name":"wp","href":"https:\/\/api.w.org\/{rel}","templated":true}]}}